{"id":1841,"date":"2025-04-14T13:23:23","date_gmt":"2025-04-14T13:23:23","guid":{"rendered":"https:\/\/www.daralaliaa.com\/?page_id=1841"},"modified":"2025-04-25T15:54:49","modified_gmt":"2025-04-25T12:54:49","slug":"digital-print","status":"publish","type":"page","link":"https:\/\/www.daralaliaa.com\/fr\/activities-and-services\/digital-print\/","title":{"rendered":"\u062e\u062f\u0645\u0627\u062a \u0627\u0644\u0637\u0628\u0627\u0639\u0629 \u0627\u0644\u0631\u0642\u0645\u064a\u0629"},"content":{"rendered":"<div class=\"digital-printing-section\">\n<h2>L&#039;impression num\u00e9rique services: rapidit\u00e9 et qualit\u00e9 pour vos besoins modernes<\/h2>\n<p>Dans <strong>Dar Al-Alaya de l&#039;\u00e9dition et de la distribution<\/strong>, Nous vous proposons num\u00e9rique de pointe de solutions d&#039;impression pour r\u00e9pondre \u00e0 vos divers besoins rapidement et efficacement. L&#039;impression num\u00e9rique est une technologie moderne qui permet de transf\u00e9rer une conception directement \u00e0 partir d&#039;un fichier num\u00e9rique au papier, sans la n\u00e9cessit\u00e9 pour les traditionnelles plaques d&#039;impression, fait le choix id\u00e9al pour de nombreux projets.<\/p>\n<h3>Quels sont les avantages de l&#039;impression num\u00e9rique<\/h3>\n<p>Notre impression num\u00e9rique services ont de nombreux avantages qui les rendent bien adapt\u00e9 pour moderne d&#039;\u00e9dition et de distribution:<\/p>\n<ul>\n<li><strong>La vitesse d&#039;ex\u00e9cution:<\/strong> Id\u00e9al pour les projets urgents et les d\u00e9lais serr\u00e9s, il r\u00e9duit consid\u00e9rablement le temps d&#039;installation par rapport \u00e0 traditionnel (offset) impression.<\/li>\n<li><strong>Le rapport co\u00fbt-efficacit\u00e9 pour les petites et moyennes quantit\u00e9s:<\/strong> Il n&#039;y a presque pas de quantit\u00e9 minimale, ce qui le rend tr\u00e8s \u00e9conomique d&#039;imprimer un nombre limit\u00e9 de copies (par exemple, livres, sur demande, du mat\u00e9riel promotionnel, des prototypes).<\/li>\n<li><strong>L&#039;Impression de donn\u00e9es variables de capacit\u00e9:<\/strong> Il permet de personnaliser chaque impression avec diff\u00e9rentes informations (telles que les noms, adresses, codes) sans ralentir le processus, ce qui est excellent pour le marketing cibl\u00e9 des mat\u00e9riaux et des invitations personnalis\u00e9es.<\/li>\n<li><strong>Excellente qualit\u00e9:<\/strong> Il offre une grande pr\u00e9cision des couleurs et des d\u00e9tails pr\u00e9cis sur les textes et les images, avec une qualit\u00e9 souvent comparable \u00e0 celle de l&#039;impression offset pour des projets appropri\u00e9s.<\/li>\n<li><strong>La flexibilit\u00e9 et la facilit\u00e9 de r\u00e9glage:<\/strong> La conception des ajustements peuvent \u00eatre faits facilement entre l&#039;impression des lots sans co\u00fbts suppl\u00e9mentaires importants pour la pr\u00e9paration de panneaux.<\/li>\n<li><strong>L&#039;impression \u00e0 la Demande (Print-on-Demand):<\/strong> Il permet aux auteurs et aux \u00e9diteurs de livres imprim\u00e9s en petites quantit\u00e9s en tant que de besoin, de r\u00e9duire les co\u00fbts de stockage et les risques financiers.<\/li>\n<\/ul>\n<h3>Quand est l&#039;impression num\u00e9rique, la meilleure option<\/h3>\n<ul>\n<li>Lorsque de petites ou moyennes quantit\u00e9s de tirages sont n\u00e9cessaires.<\/li>\n<li>Pour les projets dont les demandes urgentes.<\/li>\n<li>Lorsque vous avez besoin d&#039;imprimer des donn\u00e9es variables ou de personnaliser des copies.<\/li>\n<li>Pour l&#039;impression de prototypes, livre d&#039;\u00e9chantillons ou de mat\u00e9riels de marketing.<\/li>\n<li>Pour r\u00e9pondre aux besoins de la demande d&#039;impression de livres et de compositions.<\/li>\n<li>Pour les mat\u00e9riaux qui ont besoin d&#039;une mise \u00e0 jour fr\u00e9quente (telles que les listes de prix ou de brochures).<\/li>\n<\/ul>\n<h3>L&#039;impression num\u00e9rique des services que nous offrons comprennent (mais ne sont pas limit\u00e9s \u00e0):<\/h3>\n<ul>\n<li>Impression de livres et de lieutenant de vaisseau (en quantit\u00e9s limit\u00e9es ou sur demande).<\/li>\n<li>Impression de cartes de visite (Cartes de visite).<\/li>\n<li>\u0637\u0628\u0627\u0639\u0629 \u0627\u0644\u0628\u0631\u0648\u0634\u0648\u0631\u0627\u062a \u0648\u0627\u0644\u0646\u0634\u0631\u0627\u062a \u0627\u0644\u0625\u0639\u0644\u0627\u0646\u064a\u0629 (Flyers &amp; Brochures).<\/li>\n<li>Imprimer des affiches (Posters) dans diff\u00e9rentes tailles.<\/li>\n<li>Imprimer des invitations et des cartes de v\u0153ux.<\/li>\n<li>\u0637\u0628\u0627\u0639\u0629 \u0627\u0644\u0645\u0644\u0635\u0642\u0627\u062a \u0628\u0623\u0646\u0648\u0627\u0639\u0647\u0627 (Stickers &amp; Labels).<\/li>\n<li>Imprimer des rapports et des pr\u00e9sentations.<\/li>\n<\/ul>\n<hr style=\"margin: 2em 0;\" \/>\n<p><!-- \u062e\u0637 \u0641\u0627\u0635\u0644 \u0628\u0633\u064a\u0637 --><\/p>\n<div class=\"cta-section\" style=\"background-color: #f8f8f8; padding: 1.5em; border-radius: 5px; margin-top: 1.5em;\">\n<p style=\"margin-bottom: 0.5em; font-size: 1.1em;\"><strong>Avez-vous besoin rapide et de haute qualit\u00e9 d&#039;impression<\/strong><\/p>\n<p style=\"margin-bottom: 1em;\">Prendre avantage de la souplesse et de la vitesse de l&#039;impression num\u00e9rique pour votre prochain projet. Contactez-nous pour discuter de vos besoins et obtenir un devis.<\/p>\n<p><a class=\"button primary-button\" style=\"text-decoration: none; background-color: #25d366; color: white; padding: 10px 20px; border-radius: 4px; font-weight: bold;\" href=\"https:\/\/wa.link\/8usfof\" target=\"_blank\" rel=\"noopener noreferrer\">Demander un devis pour l&#039;impression num\u00e9rique via WhatsApp<\/a><\/p>\n<\/div>\n<\/div>","protected":false},"excerpt":{"rendered":"<p>\u062e\u062f\u0645\u0627\u062a \u0627\u0644\u0637\u0628\u0627\u0639\u0629 \u0627\u0644\u0631\u0642\u0645\u064a\u0629: \u0633\u0631\u0639\u0629 \u0648\u062c\u0648\u062f\u0629 \u0644\u0627\u062d\u062a\u064a\u0627\u062c\u0627\u062a\u0643\u0645 \u0627\u0644\u0639\u0635\u0631\u064a\u0629 \u0641\u064a \u062f\u0627\u0631 \u0627\u0644\u0639\u0644\u064a\u0627\u0621 \u0644\u0644\u0646\u0634\u0631 \u0648 \u0627\u0644\u062a\u0648\u0632\u064a\u0639\u060c \u0646\u0642\u062f\u0645 \u062d\u0644\u0648\u0644 \u0627\u0644\u0637\u0628\u0627\u0639\u0629 \u0627\u0644\u0631\u0642\u0645\u064a\u0629 \u0627\u0644\u0645\u062a\u0642\u062f\u0645\u0629 \u0644\u062a\u0644\u0628\u064a\u0629 \u0645\u062a\u0637\u0644\u0628\u0627\u062a\u0643\u0645 \u0627\u0644\u0645\u062a\u0646\u0648\u0639\u0629 \u0628\u0643\u0641\u0627\u0621\u0629 \u0648\u0633\u0631\u0639\u0629. \u0627\u0644\u0637\u0628\u0627\u0639\u0629 \u0627\u0644\u0631\u0642\u0645\u064a\u0629 \u0647\u064a \u062a\u0642\u0646\u064a\u0629 \u062d\u062f\u064a\u062b\u0629 \u062a\u062a\u064a\u062d \u0646\u0642\u0644 [&hellip;]<\/p>","protected":false},"author":1,"featured_media":-1,"parent":997,"menu_order":0,"comment_status":"closed","ping_status":"closed","template":"","meta":{"_acf_changed":false,"site-sidebar-layout":"default","site-content-layout":"","ast-site-content-layout":"default","site-content-style":"default","site-sidebar-style":"default","ast-global-header-display":"","ast-banner-title-visibility":"","ast-main-header-display":"","ast-hfb-above-header-display":"","ast-hfb-below-header-display":"","ast-hfb-mobile-header-display":"","site-post-title":"","ast-breadcrumbs-content":"","ast-featured-img":"","footer-sml-layout":"","ast-disable-related-posts":"","theme-transparent-header-meta":"","adv-header-id-meta":"","stick-header-meta":"","header-above-stick-meta":"","header-main-stick-meta":"","header-below-stick-meta":"","astra-migrate-meta-layouts":"default","ast-page-background-enabled":"default","ast-page-background-meta":{"desktop":{"background-color":"var(--ast-global-color-5)","background-image":"","background-repeat":"repeat","background-position":"center center","background-size":"auto","background-attachment":"scroll","background-type":"","background-media":"","overlay-type":"","overlay-color":"","overlay-opacity":"","overlay-gradient":""},"tablet":{"background-color":"","background-image":"","background-repeat":"repeat","background-position":"center center","background-size":"auto","background-attachment":"scroll","background-type":"","background-media":"","overlay-type":"","overlay-color":"","overlay-opacity":"","overlay-gradient":""},"mobile":{"background-color":"","background-image":"","background-repeat":"repeat","background-position":"center center","background-size":"auto","background-attachment":"scroll","background-type":"","background-media":"","overlay-type":"","overlay-color":"","overlay-opacity":"","overlay-gradient":""}},"ast-content-background-meta":{"desktop":{"background-color":"var(--ast-global-color-4)","background-image":"","background-repeat":"repeat","background-position":"center center","background-size":"auto","background-attachment":"scroll","background-type":"","background-media":"","overlay-type":"","overlay-color":"","overlay-opacity":"","overlay-gradient":""},"tablet":{"background-color":"var(--ast-global-color-4)","background-image":"","background-repeat":"repeat","background-position":"center center","background-size":"auto","background-attachment":"scroll","background-type":"","background-media":"","overlay-type":"","overlay-color":"","overlay-opacity":"","overlay-gradient":""},"mobile":{"background-color":"var(--ast-global-color-4)","background-image":"","background-repeat":"repeat","background-position":"center center","background-size":"auto","background-attachment":"scroll","background-type":"","background-media":"","overlay-type":"","overlay-color":"","overlay-opacity":"","overlay-gradient":""}},"footnotes":""},"class_list":["post-1841","page","type-page","status-publish","has-post-thumbnail","hentry"],"acf":[],"jetpack_sharing_enabled":true,"_links":{"self":[{"href":"https:\/\/www.daralaliaa.com\/fr\/wp-json\/wp\/v2\/pages\/1841","targetHints":{"allow":["GET"]}}],"collection":[{"href":"https:\/\/www.daralaliaa.com\/fr\/wp-json\/wp\/v2\/pages"}],"about":[{"href":"https:\/\/www.daralaliaa.com\/fr\/wp-json\/wp\/v2\/types\/page"}],"author":[{"embeddable":true,"href":"https:\/\/www.daralaliaa.com\/fr\/wp-json\/wp\/v2\/users\/1"}],"replies":[{"embeddable":true,"href":"https:\/\/www.daralaliaa.com\/fr\/wp-json\/wp\/v2\/comments?post=1841"}],"version-history":[{"count":0,"href":"https:\/\/www.daralaliaa.com\/fr\/wp-json\/wp\/v2\/pages\/1841\/revisions"}],"up":[{"embeddable":true,"href":"https:\/\/www.daralaliaa.com\/fr\/wp-json\/wp\/v2\/pages\/997"}],"wp:featuredmedia":[{"embeddable":true,"href":"https:\/\/www.daralaliaa.com\/fr\/wp-json\/"}],"wp:attachment":[{"href":"https:\/\/www.daralaliaa.com\/fr\/wp-json\/wp\/v2\/media?parent=1841"}],"curies":[{"name":"wp","href":"https:\/\/api.w.org\/{rel}","templated":true}]}}