{"id":1851,"date":"2025-04-14T13:31:52","date_gmt":"2025-04-14T13:31:52","guid":{"rendered":"https:\/\/www.daralaliaa.com\/?page_id=1851"},"modified":"2025-05-07T16:22:55","modified_gmt":"2025-05-07T13:22:55","slug":"advertisements","status":"publish","type":"page","link":"https:\/\/www.daralaliaa.com\/fr\/activities-and-services\/advertisements\/","title":{"rendered":"De la publicit\u00e9 et de la publicit\u00e9"},"content":{"rendered":"<div class=\"advertising-printing-section\">\n<h2>Les imprim\u00e9s publicitaires: des solutions innovantes pour am\u00e9liorer la port\u00e9e de votre marque<\/h2>\n<p>Dans le monde comp\u00e9titif d&#039;aujourd&#039;hui, de la publicit\u00e9 et impression de mat\u00e9riel publicitaire est un outil puissant pour atteindre vos clients et de faire une impression durable. Dans <strong>Dar Al-Alaya de l&#039;\u00e9dition et de la distribution<\/strong>, Nous vous proposons d&#039;impression int\u00e9gr\u00e9 de services pour la publicit\u00e9, con\u00e7ue pour vous aider \u00e0 pr\u00e9senter votre marque de la meilleure fa\u00e7on possible et d&#039;atteindre efficacement vos objectifs de marketing.<\/p>\n<h3>Nos services d&#039;impression de publicit\u00e9 comprennent:<\/h3>\n<p>Nous couvrons une large gamme de commercial et marketing de besoins d&#039;impression, en se concentrant sur la qualit\u00e9 et l&#039;impact visuel:<\/p>\n<ul>\n<li style=\"list-style-type: none;\">\n<ul>\n<li><strong>Cartes De Visite (Cartes De Visite):<\/strong> Conception et impression de cartes de visite professionnelles qui refl\u00e8tent votre identit\u00e9 et de laisser une impression distinctive.<\/li>\n<li><strong>Des Brochures et des d\u00e9pliants (Brochures et Livrets):<\/strong> Pour afficher vos produits, vos services, ou des informations sur votre entreprise en d\u00e9tail et de mani\u00e8re attractive.<\/li>\n<li><strong>Des d\u00e9pliants et flyers (Tracts et Brochures):<\/strong> Un moyen efficace pour atteindre un vaste public lors de manifestations ou de la distribution directe.<\/li>\n<li><strong>Des Posters et des affiches (Posters):<\/strong> Pour attirer l&#039;attention sur les points de vente, des expositions, ou pour l&#039;ext\u00e9rieur et l&#039;int\u00e9rieur de la publicit\u00e9.<\/li>\n<li><strong>Et de banni\u00e8res roll-ups (Banni\u00e8res Roll-ups):<\/strong> Affichage Flexible solutions sont id\u00e9ales pour les conf\u00e9rences, les salons, et les locaux de l&#039;entreprise.<\/li>\n<li><strong>Dossiers (Les Dossiers):<\/strong> \u00c0 pr\u00e9senter des expos\u00e9s et des documents \u00e0 vos clients d&#039;une fa\u00e7on professionnelle et organis\u00e9e.<\/li>\n<li><strong>Autocollants de toutes sortes (les Autocollants et les \u00c9tiquettes):<\/strong> Pour promouvoir la marque sur les produits, l&#039;emballage, ou comme cadeaux promotionnels.<\/li>\n<li><strong>Les Menus (menu):<\/strong> Conception et impression de haute qualit\u00e9, des menus pour les restaurants et les caf\u00e9s.<\/li>\n<li><strong>Personnalis\u00e9es des calendriers et des carnets de notes (des Calendriers Personnalis\u00e9s et bloc-notes):<\/strong> En tant que pratique cadeaux promotionnels qui portent votre marque.<\/li>\n<\/ul>\n<\/li>\n<\/ul>\n<p><!-- \u0623\u0636\u0641 \u0623\u064a \u062e\u062f\u0645\u0627\u062a \u0637\u0628\u0627\u0639\u0629 \u062f\u0639\u0627\u0626\u064a\u0629 \u0623\u062e\u0631\u0649 \u062a\u0642\u062f\u0645\u0648\u0646\u0647\u0627 --><\/p>\n<h3>Pourquoi choisir Dar Al Alaya pour l&#039;impression de vos supports publicitaires<\/h3>\n<ul>\n<li><strong>Une qualit\u00e9 Incomparable:<\/strong> Nous utilisons les meilleurs mat\u00e9riaux et de techniques d&#039;impression pour s&#039;assurer de couleurs vives et de beaux d\u00e9tails de refl\u00e9ter la qualit\u00e9 de votre marque.<\/li>\n<li><strong>Effet visuel fort:<\/strong> Nous vous aidons \u00e0 choisir de designs et de finitions qui sont garantis pour attirer l&#039;attention de votre public cible.<\/li>\n<li><strong>Diverses options:<\/strong> Nous offrons un large \u00e9ventail de types de papier, de tailles et de finitions (brillant, mat, cellophane, UV, coupe sp\u00e9ciale) pour r\u00e9pondre \u00e0 tous les besoins.<\/li>\n<li><strong>La coh\u00e9rence de la marque:<\/strong> Nous assurer que les couleurs et le logo de votre marque sont coh\u00e9rentes sur tous les documents imprim\u00e9s.<\/li>\n<li><strong>De Consultation et de soutien:<\/strong> Notre \u00e9quipe peut vous conseiller sur les meilleures options pour votre projet et de votre budget.<\/li>\n<li><strong>De la vitesse et de la fiabilit\u00e9:<\/strong> Nous respecter les d\u00e9lais de livraison pour r\u00e9pondre aux besoins de vos campagnes de marketing.<\/li>\n<\/ul>\n<hr style=\"margin: 2em 0;\" \/>\n<p><!-- \u062e\u0637 \u0641\u0627\u0635\u0644 \u0628\u0633\u064a\u0637 --><\/p>\n<div class=\"cta-section\" style=\"background-color: #f8f8f8; padding: 1.5em; border-radius: 5px; margin-top: 1.5em;\">\n<p style=\"margin-bottom: 0.5em; font-size: 1.1em;\"><strong>\u00cates-vous pr\u00eat \u00e0 am\u00e9liorer vos efforts de marketing avec des professionnels, des documents imprim\u00e9s<\/strong><\/p>\n<p style=\"margin-bottom: 1em;\">Laissez-nous vous aider \u00e0 produire de la publicit\u00e9 et de la publicit\u00e9 des mat\u00e9riaux qui laissent une marque. Contactez-nous pour discuter de vos besoins et obtenir un devis.<\/p>\n<p><a class=\"button primary-button\" style=\"text-decoration: none; background-color: #25d366; color: white; padding: 10px 20px; border-radius: 4px; font-weight: bold;\" href=\"https:\/\/wa.link\/8usfof\" target=\"_blank\" rel=\"noopener noreferrer\">Demander un devis pour votre publicit\u00e9 via WhatsApp<\/a><br \/>\n<!-- \u062a\u0645 \u062a\u0639\u062f\u064a\u0644 \u0646\u0635 \u0627\u0644\u0632\u0631 \u0644\u064a\u0643\u0648\u0646 \u0623\u0643\u062b\u0631 \u062a\u062d\u062f\u064a\u062f\u064b\u0627 --><\/p>\n<\/div>\n<\/div>","protected":false},"excerpt":{"rendered":"<p>\u0637\u0628\u0627\u0639\u0629 \u0627\u0644\u062f\u0639\u0627\u064a\u0629 \u0648\u0627\u0644\u0625\u0639\u0644\u0627\u0646: \u062d\u0644\u0648\u0644 \u0645\u0628\u062a\u0643\u0631\u0629 \u0644\u062a\u0639\u0632\u064a\u0632 \u0648\u0635\u0648\u0644 \u0639\u0644\u0627\u0645\u062a\u0643 \u0627\u0644\u062a\u062c\u0627\u0631\u064a\u0629 \u0641\u064a \u0639\u0627\u0644\u0645 \u0627\u0644\u0623\u0639\u0645\u0627\u0644 \u0627\u0644\u062a\u0646\u0627\u0641\u0633\u064a \u0627\u0644\u064a\u0648\u0645\u060c \u062a\u0639\u062a\u0628\u0631 \u0627\u0644\u0645\u0648\u0627\u062f \u0627\u0644\u062f\u0639\u0627\u0626\u064a\u0629 \u0648\u0627\u0644\u0625\u0639\u0644\u0627\u0646\u064a\u0629 \u0627\u0644\u0645\u0637\u0628\u0648\u0639\u0629 \u0623\u062f\u0627\u0629 \u0642\u0648\u064a\u0629 \u0644\u0644\u0648\u0635\u0648\u0644 \u0625\u0644\u0649 \u0639\u0645\u0644\u0627\u0626\u0643 \u0648\u062a\u0631\u0643 \u0627\u0646\u0637\u0628\u0627\u0639 \u062f\u0627\u0626\u0645. \u0641\u064a \u062f\u0627\u0631 \u0627\u0644\u0639\u0644\u064a\u0627\u0621 [&hellip;]<\/p>","protected":false},"author":1,"featured_media":-1,"parent":997,"menu_order":0,"comment_status":"closed","ping_status":"closed","template":"","meta":{"_acf_changed":false,"site-sidebar-layout":"default","site-content-layout":"","ast-site-content-layout":"default","site-content-style":"default","site-sidebar-style":"default","ast-global-header-display":"","ast-banner-title-visibility":"","ast-main-header-display":"","ast-hfb-above-header-display":"","ast-hfb-below-header-display":"","ast-hfb-mobile-header-display":"","site-post-title":"","ast-breadcrumbs-content":"","ast-featured-img":"","footer-sml-layout":"","ast-disable-related-posts":"","theme-transparent-header-meta":"","adv-header-id-meta":"","stick-header-meta":"","header-above-stick-meta":"","header-main-stick-meta":"","header-below-stick-meta":"","astra-migrate-meta-layouts":"default","ast-page-background-enabled":"default","ast-page-background-meta":{"desktop":{"background-color":"var(--ast-global-color-5)","background-image":"","background-repeat":"repeat","background-position":"center center","background-size":"auto","background-attachment":"scroll","background-type":"","background-media":"","overlay-type":"","overlay-color":"","overlay-opacity":"","overlay-gradient":""},"tablet":{"background-color":"","background-image":"","background-repeat":"repeat","background-position":"center center","background-size":"auto","background-attachment":"scroll","background-type":"","background-media":"","overlay-type":"","overlay-color":"","overlay-opacity":"","overlay-gradient":""},"mobile":{"background-color":"","background-image":"","background-repeat":"repeat","background-position":"center center","background-size":"auto","background-attachment":"scroll","background-type":"","background-media":"","overlay-type":"","overlay-color":"","overlay-opacity":"","overlay-gradient":""}},"ast-content-background-meta":{"desktop":{"background-color":"var(--ast-global-color-4)","background-image":"","background-repeat":"repeat","background-position":"center center","background-size":"auto","background-attachment":"scroll","background-type":"","background-media":"","overlay-type":"","overlay-color":"","overlay-opacity":"","overlay-gradient":""},"tablet":{"background-color":"var(--ast-global-color-4)","background-image":"","background-repeat":"repeat","background-position":"center center","background-size":"auto","background-attachment":"scroll","background-type":"","background-media":"","overlay-type":"","overlay-color":"","overlay-opacity":"","overlay-gradient":""},"mobile":{"background-color":"var(--ast-global-color-4)","background-image":"","background-repeat":"repeat","background-position":"center center","background-size":"auto","background-attachment":"scroll","background-type":"","background-media":"","overlay-type":"","overlay-color":"","overlay-opacity":"","overlay-gradient":""}},"footnotes":""},"class_list":["post-1851","page","type-page","status-publish","has-post-thumbnail","hentry"],"acf":[],"jetpack_sharing_enabled":true,"_links":{"self":[{"href":"https:\/\/www.daralaliaa.com\/fr\/wp-json\/wp\/v2\/pages\/1851","targetHints":{"allow":["GET"]}}],"collection":[{"href":"https:\/\/www.daralaliaa.com\/fr\/wp-json\/wp\/v2\/pages"}],"about":[{"href":"https:\/\/www.daralaliaa.com\/fr\/wp-json\/wp\/v2\/types\/page"}],"author":[{"embeddable":true,"href":"https:\/\/www.daralaliaa.com\/fr\/wp-json\/wp\/v2\/users\/1"}],"replies":[{"embeddable":true,"href":"https:\/\/www.daralaliaa.com\/fr\/wp-json\/wp\/v2\/comments?post=1851"}],"version-history":[{"count":0,"href":"https:\/\/www.daralaliaa.com\/fr\/wp-json\/wp\/v2\/pages\/1851\/revisions"}],"up":[{"embeddable":true,"href":"https:\/\/www.daralaliaa.com\/fr\/wp-json\/wp\/v2\/pages\/997"}],"wp:featuredmedia":[{"embeddable":true,"href":"https:\/\/www.daralaliaa.com\/fr\/wp-json\/"}],"wp:attachment":[{"href":"https:\/\/www.daralaliaa.com\/fr\/wp-json\/wp\/v2\/media?parent=1851"}],"curies":[{"name":"wp","href":"https:\/\/api.w.org\/{rel}","templated":true}]}}